{"id":10,"date":"2020-09-02T20:14:23","date_gmt":"2020-09-02T20:14:23","guid":{"rendered":"http:\/\/szkolenia.mobi\/?page_id=10"},"modified":"2023-03-31T17:54:37","modified_gmt":"2023-03-31T17:54:37","slug":"sosnowiec","status":"publish","type":"page","link":"https:\/\/serwis.help\/?page_id=10","title":{"rendered":"Tworzenie wizyt\u00f3wek Google Business"},"content":{"rendered":"<hr \/>\n<p>Czy Twoja firma jest widoczna w Internecie? Aby skutecznie promowa\u0107 swoj\u0105 dzia\u0142alno\u015b\u0107 w sieci, warto stworzy\u0107 wizyt\u00f3wk\u0119 Google Business. Dzi\u0119ki niej Twoja firma b\u0119dzie \u0142atwiej znaleziona przez potencjalnych klient\u00f3w, a tak\u017ce b\u0119dzie bardziej widoczna na mapach Google.<\/p>\n<p>Oferujemy profesjonalne tworzenie wizyt\u00f3wek Google Business, kt\u00f3re s\u0105 dostosowane do indywidualnych potrzeb i wymaga\u0144 naszych klient\u00f3w.<\/p>\n<p>Nasza oferta obejmuje:<\/p>\n<ol>\n<li>Stworzenie profesjonalnej i atrakcyjnej wizyt\u00f3wki Google Business:<\/li>\n<\/ol>\n<ul>\n<li>Projektowanie graficzne i wizualizacja wizyt\u00f3wki Google Business<\/li>\n<li>Dopasowanie wizyt\u00f3wki do wizualnej identyfikacji firmy<\/li>\n<li>Utworzenie i weryfikacja konta Google Business<\/li>\n<\/ul>\n<ol start=\"2\">\n<li>Optymalizacja wizyt\u00f3wki Google Business pod k\u0105tem SEO:<\/li>\n<\/ol>\n<ul>\n<li>Wprowadzenie odpowiednich s\u0142\u00f3w kluczowych i metaopis\u00f3w<\/li>\n<li>Ustawienie optymalnych tag\u00f3w i nag\u0142\u00f3wk\u00f3w<\/li>\n<li>Dostosowanie wizyt\u00f3wki do wymaga\u0144 wyszukiwarek, takich jak Google<\/li>\n<\/ul>\n<ol start=\"3\">\n<li>Wprowadzenie danych firmy i zdj\u0119\u0107:<\/li>\n<\/ol>\n<ul>\n<li>Wprowadzenie adresu firmy, godzin otwarcia i innych istotnych informacji<\/li>\n<li>Dodanie zdj\u0119\u0107 i film\u00f3w dotycz\u0105cych Twojej firmy<\/li>\n<\/ul>\n<ol start=\"4\">\n<li>Konfiguracja i weryfikacja wizyt\u00f3wki Google Business:<\/li>\n<\/ol>\n<ul>\n<li>Weryfikacja wizyt\u00f3wki Google Business<\/li>\n<li>Konfiguracja map Google i wizyt\u00f3wki Google Business<\/li>\n<\/ul>\n<p>Cena tworzenia wizyt\u00f3wki Google Business zale\u017cy od zakresu projektu i wymaga\u0144 klienta. Dlatego ka\u017cd\u0105 ofert\u0119 dostosowujemy do indywidualnych potrzeb naszych klient\u00f3w.<\/p>\n<p>Stworzenie wizyt\u00f3wki Google Business to inwestycja w przysz\u0142o\u015b\u0107 Twojej firmy. Dzi\u0119ki temu zwi\u0119kszysz widoczno\u015b\u0107 w Internecie, pozyskasz nowych klient\u00f3w i zwi\u0119kszysz sprzeda\u017c swoich produkt\u00f3w lub us\u0142ug. Skontaktuj si\u0119 z nami, a przedstawimy Ci indywidualn\u0105 ofert\u0119 i pomo\u017cemy w wyborze najlepszych rozwi\u0105za\u0144 dla Twojej firmy.<\/p>\n<h4><strong style=\"font-size: 1rem; line-height: 1;\">Informacje &#8211; tel. 604 335 488.<\/strong><\/h4>\n<div>\n<div>\n<div><\/div>\n<\/div>\n<\/div>\n","protected":false},"excerpt":{"rendered":"<p>Czy Twoja firma jest widoczna w Internecie? Aby skutecznie promowa\u0107 swoj\u0105 dzia\u0142alno\u015b\u0107 w sieci, warto stworzy\u0107 wizyt\u00f3wk\u0119 Google Business. Dzi\u0119ki niej Twoja firma b\u0119dzie \u0142atwiej znaleziona przez potencjalnych klient\u00f3w, a tak\u017ce b\u0119dzie bardziej widoczna na mapach Google. Oferujemy profesjonalne tworzenie wizyt\u00f3wek Google Business, kt\u00f3re s\u0105 dostosowane do indywidualnych potrzeb i wymaga\u0144 naszych klient\u00f3w. Nasza oferta [&hellip;]<\/p>\n","protected":false},"author":1,"featured_media":0,"parent":0,"menu_order":0,"comment_status":"closed","ping_status":"closed","template":"","meta":{"footnotes":""},"class_list":["post-10","page","type-page","status-publish","hentry"],"_links":{"self":[{"href":"https:\/\/serwis.help\/index.php?rest_route=\/wp\/v2\/pages\/10","targetHints":{"allow":["GET"]}}],"collection":[{"href":"https:\/\/serwis.help\/index.php?rest_route=\/wp\/v2\/pages"}],"about":[{"href":"https:\/\/serwis.help\/index.php?rest_route=\/wp\/v2\/types\/page"}],"author":[{"embeddable":true,"href":"https:\/\/serwis.help\/index.php?rest_route=\/wp\/v2\/users\/1"}],"replies":[{"embeddable":true,"href":"https:\/\/serwis.help\/index.php?rest_route=%2Fwp%2Fv2%2Fcomments&post=10"}],"version-history":[{"count":26,"href":"https:\/\/serwis.help\/index.php?rest_route=\/wp\/v2\/pages\/10\/revisions"}],"predecessor-version":[{"id":464,"href":"https:\/\/serwis.help\/index.php?rest_route=\/wp\/v2\/pages\/10\/revisions\/464"}],"wp:attachment":[{"href":"https:\/\/serwis.help\/index.php?rest_route=%2Fwp%2Fv2%2Fmedia&parent=10"}],"curies":[{"name":"wp","href":"https:\/\/api.w.org\/{rel}","templated":true}]}}