{"id":217,"date":"2018-10-04T07:35:11","date_gmt":"2018-10-04T07:35:11","guid":{"rendered":"https:\/\/serwis.help\/?page_id=217"},"modified":"2026-02-24T10:31:11","modified_gmt":"2026-02-24T10:31:11","slug":"naprawa-komputera-laptopa-tabletu","status":"publish","type":"page","link":"https:\/\/serwis.help\/","title":{"rendered":"Naprawa komputera, laptopa, tabletu"},"content":{"rendered":"<h4 class=\"western\" align=\"CENTER\"><!--more--><\/h4>\n<p>Zapraszamy do skorzystania z naszego mobilnego serwisu komputerowego, kt\u00f3ry przyjedzie do Ciebie w dogodnym dla Ciebie miejscu i czasie, aby naprawi\u0107 Tw\u00f3j komputer, laptop lub tablet! Jeste\u015bmy do\u015bwiadczonymi specjalistami, kt\u00f3rzy zawsze stawiaj\u0105 na jako\u015b\u0107 i zadowolenie klienta.<\/p>\n<p>Oferujemy kompleksowe us\u0142ugi zwi\u0105zane z napraw\u0105, konserwacj\u0105 oraz modernizacj\u0105 komputer\u00f3w, laptop\u00f3w i tablet\u00f3w bez wychodzenia z domu. Nasze us\u0142ugi obejmuj\u0105 m.in.:<\/p>\n<ul>\n<li>Diagnostyk\u0119 i usuwanie usterek sprz\u0119towych oraz programowych<\/li>\n<li>Instalacj\u0119 i konfiguracj\u0119 system\u00f3w operacyjnych oraz oprogramowania<\/li>\n<li>Konserwacj\u0119 i czyszczenie sprz\u0119tu<\/li>\n<li>Monta\u017c i modernizacj\u0119 podzespo\u0142\u00f3w komputerowych i laptopowych<\/li>\n<li>Optymalizacj\u0119 system\u00f3w i zwi\u0119kszanie wydajno\u015bci sprz\u0119tu<\/li>\n<li>Ochron\u0119 przed wirusami i innymi zagro\u017ceniami z sieci<\/li>\n<li>Napraw\u0119 i wymian\u0119 ekran\u00f3w, baterii, port\u00f3w, itp.<\/li>\n<\/ul>\n<p>Dzia\u0142amy szybko i skutecznie, dzi\u0119ki czemu jeste\u015bmy w stanie zapewni\u0107 naszym klientom profesjonaln\u0105 obs\u0142ug\u0119 w miejscu i czasie, kt\u00f3ry najbardziej im odpowiada. Oferujemy konkurencyjne ceny oraz gwarancj\u0119 jako\u015bci naszych us\u0142ug.<\/p>\n<p>Nie musisz ju\u017c martwi\u0107 si\u0119 o transport swojego sprz\u0119tu do serwisu, poniewa\u017c my przyjedziemy do Ciebie! Skontaktuj si\u0119 z nami i skorzystaj z naszych us\u0142ug mobilnego serwisu komputerowego, laptopowego i tabletowego w domu klienta.<\/p>\n<p>Dodatkowo, nasz mobilny serwis komputerowy oferuje tak\u017ce us\u0142ugi doradztwa technologicznego, w kt\u00f3rych pomo\u017cemy Ci dobra\u0107 odpowiednie rozwi\u0105zania i narz\u0119dzia do pracy, nauki czy rozrywki. Doradzimy w zakresie zakupu nowego sprz\u0119tu oraz dob\u00f3r odpowiednich program\u00f3w i aplikacji.<\/p>\n<p>Z nami masz pewno\u015b\u0107, \u017ce Tw\u00f3j sprz\u0119t zostanie naprawiony lub zmodernizowany przez do\u015bwiadczonych specjalist\u00f3w, kt\u00f3rzy stosuj\u0105 tylko najlepsze praktyki i materia\u0142y. Jeste\u015bmy elastyczni i dostosowujemy si\u0119 do potrzeb naszych klient\u00f3w, dlatego mo\u017cemy dojecha\u0107 do Ciebie w dowolnym miejscu i czasie.<\/p>\n<p>Nie tra\u0107 czasu i pieni\u0119dzy na transport sprz\u0119tu do serwisu, skorzystaj z naszych us\u0142ug mobilnego serwisu komputerowego, laptopowego i tabletowego w domu klienta. Zapewniamy kompleksow\u0105 i fachow\u0105 obs\u0142ug\u0119 oraz konkurencyjne ceny. Skontaktuj si\u0119 z nami ju\u017c dzi\u015b i ciesz si\u0119 sprawnie dzia\u0142aj\u0105cym sprz\u0119tem!<\/p>\n<p>Wi\u0119kszo\u015b\u0107 us\u0142ug wykonujemy u klienta.<\/p>\n<p>Dojazd gratis (w dni robocze w godz. 9-21, dni wolne i godziny poza godz. pracy dojazd 50z\u0142.)<\/p>\n<p>Pierwsza godz. u klienta 150z\u0142, nast\u0119pne 50z\u0142. Diagnoza 50z\u0142. (dni wolne i godz poza godz pracy +50%)<\/p>\n<h3 class=\"western\" style=\"text-align: center;\"><span style=\"font-size: large; font-family: Arial, sans-serif;\">Informacja i ustalanie termin\u00f3w<\/span><\/h3>\n<p align=\"CENTER\"><span style=\"color: #000000;\"><span style=\"font-family: Arial, sans-serif;\"><span style=\"font-size: large;\">(w godz. 8-21, tak\u017ce soboty):<\/span><\/span><\/span><\/p>\n<p align=\"CENTER\"><span style=\"color: #000000;\"><span style=\"font-family: Arial, sans-serif;\"><span style=\"font-size: x-large;\"><span lang=\"de-DE\"><b>tel. 604 335 488<\/b><\/span><\/span><\/span><\/span><\/p>\n","protected":false},"excerpt":{"rendered":"","protected":false},"author":1,"featured_media":0,"parent":0,"menu_order":0,"comment_status":"closed","ping_status":"closed","template":"","meta":{"footnotes":""},"class_list":["post-217","page","type-page","status-publish","hentry"],"_links":{"self":[{"href":"https:\/\/serwis.help\/index.php?rest_route=\/wp\/v2\/pages\/217","targetHints":{"allow":["GET"]}}],"collection":[{"href":"https:\/\/serwis.help\/index.php?rest_route=\/wp\/v2\/pages"}],"about":[{"href":"https:\/\/serwis.help\/index.php?rest_route=\/wp\/v2\/types\/page"}],"author":[{"embeddable":true,"href":"https:\/\/serwis.help\/index.php?rest_route=\/wp\/v2\/users\/1"}],"replies":[{"embeddable":true,"href":"https:\/\/serwis.help\/index.php?rest_route=%2Fwp%2Fv2%2Fcomments&post=217"}],"version-history":[{"count":8,"href":"https:\/\/serwis.help\/index.php?rest_route=\/wp\/v2\/pages\/217\/revisions"}],"predecessor-version":[{"id":483,"href":"https:\/\/serwis.help\/index.php?rest_route=\/wp\/v2\/pages\/217\/revisions\/483"}],"wp:attachment":[{"href":"https:\/\/serwis.help\/index.php?rest_route=%2Fwp%2Fv2%2Fmedia&parent=217"}],"curies":[{"name":"wp","href":"https:\/\/api.w.org\/{rel}","templated":true}]}}