{"id":58,"date":"2016-05-12T07:32:23","date_gmt":"2016-05-12T07:32:23","guid":{"rendered":"https:\/\/serwis.help\/?page_id=58"},"modified":"2017-04-15T17:00:47","modified_gmt":"2017-04-15T17:00:47","slug":"rekomendacje","status":"publish","type":"page","link":"https:\/\/serwis.help\/?page_id=58","title":{"rendered":"Rekomendacje"},"content":{"rendered":"<table border=\"0\" width=\"98%\" cellspacing=\"0\" cellpadding=\"4\" align=\"center\">\n<tbody>\n<tr>\n<td class=\"mainpage\">\n<table class=\"contentpaneopen\">\n<tbody>\n<tr>\n<td class=\"contentheading\" width=\"100%\"><strong>Rekomendacje<\/strong><\/td>\n<td class=\"buttonheading\" align=\"right\" width=\"100%\"><\/td>\n<td class=\"buttonheading\" align=\"right\" width=\"100%\"><\/td>\n<\/tr>\n<\/tbody>\n<\/table>\n<table class=\"contentpaneopen\">\n<tbody>\n<tr>\n<td colspan=\"2\" valign=\"top\">\n<h3>W trakcie \u00a0zaj\u0119\u0107 spotykam si\u0119 z wieloma wyrazami sympatii, kt\u00f3re czasem przyjmuj\u0105 form\u0119 pisemn\u0105. W 2008 roku mia\u0142em przyjemno\u015b\u0107 uczy\u0107 Pana Kazimierza Witkiewicza aktora znanego m.in. z filmu &#8220;Nie lubi\u0119 poniedzia\u0142ku&#8221;<\/h3>\n<p>&nbsp;<\/p>\n<p><a href=\"https:\/\/serwis.help\/cv\/images\/stories\/rekomendacje\/dedykacja.jpg\" target=\"_self\"><img decoding=\"async\" src=\"https:\/\/serwis.help\/cv\/images\/stories\/rekomendacje\/dedykacja.jpg\" border=\"0\" hspace=\"0\" vspace=\"0\" \/><\/a><\/td>\n<\/tr>\n<\/tbody>\n<\/table>\n<\/td>\n<\/tr>\n<\/tbody>\n<\/table>\n<p><img loading=\"lazy\" decoding=\"async\" src=\"http:\/\/www.kursy.krakow.pl\/templates\/JavaBean\/images\/pixel.png\" alt=\"spacer\" width=\"1\" height=\"1\" \/><\/p>\n","protected":false},"excerpt":{"rendered":"<p>Rekomendacje W trakcie \u00a0zaj\u0119\u0107 spotykam si\u0119 z wieloma wyrazami sympatii, kt\u00f3re czasem przyjmuj\u0105 form\u0119 pisemn\u0105. W 2008 roku mia\u0142em przyjemno\u015b\u0107 uczy\u0107 Pana Kazimierza Witkiewicza aktora znanego m.in. z filmu &#8220;Nie lubi\u0119 poniedzia\u0142ku&#8221; &nbsp;<\/p>\n","protected":false},"author":1,"featured_media":0,"parent":0,"menu_order":0,"comment_status":"closed","ping_status":"closed","template":"","meta":{"footnotes":""},"class_list":["post-58","page","type-page","status-publish","hentry"],"_links":{"self":[{"href":"https:\/\/serwis.help\/index.php?rest_route=\/wp\/v2\/pages\/58","targetHints":{"allow":["GET"]}}],"collection":[{"href":"https:\/\/serwis.help\/index.php?rest_route=\/wp\/v2\/pages"}],"about":[{"href":"https:\/\/serwis.help\/index.php?rest_route=\/wp\/v2\/types\/page"}],"author":[{"embeddable":true,"href":"https:\/\/serwis.help\/index.php?rest_route=\/wp\/v2\/users\/1"}],"replies":[{"embeddable":true,"href":"https:\/\/serwis.help\/index.php?rest_route=%2Fwp%2Fv2%2Fcomments&post=58"}],"version-history":[{"count":2,"href":"https:\/\/serwis.help\/index.php?rest_route=\/wp\/v2\/pages\/58\/revisions"}],"predecessor-version":[{"id":158,"href":"https:\/\/serwis.help\/index.php?rest_route=\/wp\/v2\/pages\/58\/revisions\/158"}],"wp:attachment":[{"href":"https:\/\/serwis.help\/index.php?rest_route=%2Fwp%2Fv2%2Fmedia&parent=58"}],"curies":[{"name":"wp","href":"https:\/\/api.w.org\/{rel}","templated":true}]}}